{"id":13,"date":"2025-02-24T16:20:01","date_gmt":"2025-02-24T16:20:01","guid":{"rendered":"https:\/\/portfoliolv.eu\/?page_id=13"},"modified":"2025-10-20T07:06:50","modified_gmt":"2025-10-20T07:06:50","slug":"portfolio","status":"publish","type":"page","link":"https:\/\/portfoliolv.eu\/en\/portfolio\/","title":{"rendered":"Portfolio"},"content":{"rendered":"<div class=\"wp-block-cover alignfull is-light\" style=\"margin-top:0;margin-bottom:0;padding-bottom:20vh;min-height:774px;aspect-ratio:unset;\"><img loading=\"lazy\" decoding=\"async\" width=\"640\" height=\"480\" class=\"wp-block-cover__image-background wp-image-396\" alt=\"Ordinateur, cahier et sylo sur un bureau\" src=\"https:\/\/portfoliolv.eu\/wp-content\/uploads\/2025\/02\/ordinateur_cahier_stylo.webp\" data-object-fit=\"cover\" srcset=\"https:\/\/portfoliolv.eu\/wp-content\/uploads\/2025\/02\/ordinateur_cahier_stylo.webp 640w, https:\/\/portfoliolv.eu\/wp-content\/uploads\/2025\/02\/ordinateur_cahier_stylo-300x225.webp 300w, https:\/\/portfoliolv.eu\/wp-content\/uploads\/2025\/02\/ordinateur_cahier_stylo-16x12.webp 16w\" sizes=\"auto, (max-width: 640px) 100vw, 640px\" \/><span aria-hidden=\"true\" class=\"wp-block-cover__background has-background-dim\" style=\"background-color:#777774\"><\/span><div class=\"wp-block-cover__inner-container has-global-padding is-layout-constrained wp-container-core-cover-is-layout-0709cc71 wp-block-cover-is-layout-constrained\">\n<div class=\"wp-block-columns is-layout-flex wp-container-core-columns-is-layout-28f84493 wp-block-columns-is-layout-flex\">\n<div class=\"wp-block-column is-layout-flow wp-block-column-is-layout-flow\">\n<h1 class=\"wp-block-heading has-text-align-center has-text-color\" style=\"color:#ffffff;margin-top:60px;margin-bottom:0px;font-size:clamp(1.648rem, 1.648rem + ((1vw - 0.2rem) * 2.095), 2.8rem);font-style:normal;font-weight:400;line-height:1.2\"><strong>My projects: Samples of my Work<\/strong><\/h1>\n<\/div>\n<\/div>\n<\/div><\/div>\n\n\n\n<div class=\"wp-block-cover alignfull is-light has-border-color\" style=\"border-color:#f0f0f0;border-width:4px;margin-top:0px;margin-bottom:0px;padding-top:0px;padding-bottom:0px;min-height:337px;aspect-ratio:unset;\"><span aria-hidden=\"true\" class=\"wp-block-cover__background has-white-background-color has-background-dim-100 has-background-dim\"><\/span><div class=\"wp-block-cover__inner-container has-global-padding is-layout-constrained wp-block-cover-is-layout-constrained\">\n<div class=\"wp-block-group alignwide is-vertical is-content-justification-center is-layout-flex wp-container-core-group-is-layout-b6c1f246 wp-block-group-is-layout-flex\">\n<p><\/p>\n\n\n\n<h2 class=\"wp-block-heading has-text-align-center\" style=\"font-size:clamp(1.477rem, 1.477rem + ((1vw - 0.2rem) * 1.769), 2.45rem);\"> This page is continuously being developped<\/h2>\n\n\n\n<p class=\"has-text-align-center\" style=\"font-size:clamp(1.092rem, 1.092rem + ((1vw - 0.2rem) * 1.105), 1.7rem);\">Here is a selection of my early work in visual and digital communication, resulting from my training, personal projects, and community work. My portfolio is constantly evolving: I am currently learning to use Adobe tools to develop new creative media.<\/p>\n\n\n\n<p><\/p>\n<\/div>\n\n\n\n<div class=\"wp-block-columns is-layout-flex wp-container-core-columns-is-layout-28f84493 wp-block-columns-is-layout-flex\">\n<div class=\"wp-block-column is-layout-flow wp-block-column-is-layout-flow\"><\/div>\n<\/div>\n<\/div><\/div>\n\n\n\n<div class=\"wp-block-cover alignfull is-light has-border-color\" style=\"border-color:#f0f0f0;border-width:4px;margin-top:0px;margin-bottom:0px;padding-top:200px;padding-bottom:200px;min-height:1030px;aspect-ratio:unset;\"><span aria-hidden=\"true\" class=\"wp-block-cover__background has-background-dim-100 has-background-dim\" style=\"background-color:#dcd9d0\"><\/span><div class=\"wp-block-cover__inner-container has-global-padding is-layout-constrained wp-container-core-cover-is-layout-782616ef wp-block-cover-is-layout-constrained\">\n<div class=\"wp-block-columns is-layout-flex wp-container-core-columns-is-layout-28f84493 wp-block-columns-is-layout-flex\">\n<div class=\"wp-block-column is-layout-flow wp-container-core-column-is-layout-42aebfa7 wp-block-column-is-layout-flow\" style=\"padding-top:0;padding-right:0;padding-bottom:0;padding-left:0\">\n<h2 class=\"wp-block-heading has-text-align-center\" style=\"font-size:clamp(1.477rem, 1.477rem + ((1vw - 0.2rem) * 1.769), 2.45rem);\">#Project 0: Editorial communication and translation (2024\u20132025)<\/h2>\n\n\n\n<div class=\"wp-block-group is-horizontal is-content-justification-left is-nowrap is-layout-flex wp-container-core-group-is-layout-a4bd62d6 wp-block-group-is-layout-flex\" style=\"padding-top:var(--wp--preset--spacing--40);padding-bottom:var(--wp--preset--spacing--40)\">\n<p style=\"font-size:clamp(1.092rem, 1.092rem + ((1vw - 0.2rem) * 1.105), 1.7rem);font-style:normal;font-weight:500\">Fictional blog post written as part of my examination in the Plain Language course for my master's degree. (Grade: 20\/20)<\/p>\n<\/div>\n\n\n\n<p class=\"has-text-align-left\" style=\"margin-top:var(--wp--preset--spacing--50);margin-right:0;margin-bottom:var(--wp--preset--spacing--50);margin-left:0;padding-top:var(--wp--preset--spacing--60);padding-bottom:var(--wp--preset--spacing--60);font-size:clamp(1.092rem, 1.092rem + ((1vw - 0.2rem) * 1.105), 1.7rem);font-style:normal;font-weight:500\">Approach: Write a blog article that explains the features and how the Polaroid Now Gen 2 camera works in simple terms. It is aimed at young adults and photography enthusiasts, the potential buyers of this camera. The aim is not to convince them, but to inform them about how the camera works, using clear and effective language and layout.<\/p>\n\n\n\n<p class=\"has-text-color has-link-color wp-elements-22e02fbc2f317ba8c80a84353eed1507\" style=\"color:#151fe1;font-size:clamp(1.092rem, 1.092rem + ((1vw - 0.2rem) * 1.105), 1.7rem);font-style:normal;font-weight:500\">Read the article: <a href=\"https:\/\/drive.google.com\/file\/d\/1RR3o_RRnegetj4kkUdHKUWldtIKWGZdr\/view?usp=sharing\">Blog article<\/a><\/p>\n<\/div>\n<\/div>\n\n\n\n<p style=\"margin-top:var(--wp--preset--spacing--80);margin-right:0;margin-bottom:var(--wp--preset--spacing--80);margin-left:0;font-size:clamp(1.092rem, 1.092rem + ((1vw - 0.2rem) * 1.105), 1.7rem);font-style:normal;font-weight:500\">Translation produced for the publishing house Le Brigadier <em>Der Weibsteufel<\/em> (<em>Le diable fait femme<\/em>). Published in 2024.<\/p>\n\n\n\n<p style=\"font-size:clamp(1.092rem, 1.092rem + ((1vw - 0.2rem) * 1.105), 1.7rem);font-style:normal;font-weight:500\">Approach: translation of a play by an Austrian author from the early 20th century that had never been translated before. This text was written in an early 20th-century peasant dialect, which presented a major challenge for translation. The aim was to make this text accessible, faithful to the original and in a spoken and dynamic language appropriate for theatre. This translation took several months of work.<\/p>\n\n\n\n<figure class=\"wp-block-image aligncenter size-large is-resized\"><img loading=\"lazy\" decoding=\"async\" width=\"1024\" height=\"761\" src=\"https:\/\/portfoliolv.eu\/wp-content\/uploads\/2025\/10\/recto_verso_livre_fond-1024x761.png\" alt=\"\" class=\"wp-image-765\" style=\"width:970px;height:auto\" srcset=\"https:\/\/portfoliolv.eu\/wp-content\/uploads\/2025\/10\/recto_verso_livre_fond-1024x761.png 1024w, https:\/\/portfoliolv.eu\/wp-content\/uploads\/2025\/10\/recto_verso_livre_fond-300x223.png 300w, https:\/\/portfoliolv.eu\/wp-content\/uploads\/2025\/10\/recto_verso_livre_fond-768x571.png 768w, https:\/\/portfoliolv.eu\/wp-content\/uploads\/2025\/10\/recto_verso_livre_fond-1536x1141.png 1536w, https:\/\/portfoliolv.eu\/wp-content\/uploads\/2025\/10\/recto_verso_livre_fond-2048x1522.png 2048w, https:\/\/portfoliolv.eu\/wp-content\/uploads\/2025\/10\/recto_verso_livre_fond-16x12.png 16w\" sizes=\"auto, (max-width: 1024px) 100vw, 1024px\" \/><\/figure>\n<\/div><\/div>\n\n\n\n<div class=\"wp-block-cover alignfull is-light has-border-color\" style=\"border-color:#f0f0f0;border-width:4px;margin-top:0px;margin-bottom:0px;padding-top:0px;padding-bottom:0px;min-height:967px;aspect-ratio:unset;\"><span aria-hidden=\"true\" class=\"wp-block-cover__background has-white-background-color has-background-dim-100 has-background-dim\"><\/span><div class=\"wp-block-cover__inner-container has-global-padding is-layout-constrained wp-container-core-cover-is-layout-e0f3310f wp-block-cover-is-layout-constrained\">\n<div class=\"wp-block-columns is-layout-flex wp-container-core-columns-is-layout-28f84493 wp-block-columns-is-layout-flex\">\n<div class=\"wp-block-column is-layout-flow wp-container-core-column-is-layout-42aebfa7 wp-block-column-is-layout-flow\" style=\"padding-top:0;padding-right:0;padding-bottom:0;padding-left:0\">\n<h2 class=\"wp-block-heading has-text-align-center\" style=\"font-size:clamp(1.477rem, 1.477rem + ((1vw - 0.2rem) * 1.769), 2.45rem);\">#Project 1: Institutional communication for the CAWEB master's degree           (April\u2013 Mai 2025)<\/h2>\n\n\n\n<div class=\"wp-block-group is-horizontal is-content-justification-left is-nowrap is-layout-flex wp-container-core-group-is-layout-a4bd62d6 wp-block-group-is-layout-flex\" style=\"padding-top:var(--wp--preset--spacing--40);padding-bottom:var(--wp--preset--spacing--40)\">\n<p style=\"font-size:clamp(1.092rem, 1.092rem + ((1vw - 0.2rem) * 1.105), 1.7rem);font-style:normal;font-weight:500\">Brochure for the CAWEB master's degree in communication in Strasbourg<\/p>\n<\/div>\n\n\n\n<p class=\"has-text-align-left\" style=\"margin-top:var(--wp--preset--spacing--50);margin-right:0;margin-bottom:var(--wp--preset--spacing--50);margin-left:0;padding-top:var(--wp--preset--spacing--60);padding-bottom:var(--wp--preset--spacing--60);font-size:clamp(1.092rem, 1.092rem + ((1vw - 0.2rem) * 1.105), 1.7rem);font-style:normal;font-weight:500\">Approach: creation of an information brochure to promote the  CAWEB master's degree programme to prospective students (class of 2025-2026). The aim is to attract new applicants by highlighting the strengths of the programme. The brochure was created  using Figma, based on a brand new graphic charter co-defined by students (modern, professional, dynamic).<\/p>\n<\/div>\n<\/div>\n\n\n\n<figure class=\"wp-block-image size-large is-resized\" style=\"margin-top:var(--wp--preset--spacing--30);margin-bottom:var(--wp--preset--spacing--30)\"><img loading=\"lazy\" decoding=\"async\" width=\"1024\" height=\"372\" src=\"https:\/\/portfoliolv.eu\/wp-content\/uploads\/2025\/10\/brochure-1-1024x372.png\" alt=\"\" class=\"wp-image-679\" style=\"width:1320px;height:auto\" srcset=\"https:\/\/portfoliolv.eu\/wp-content\/uploads\/2025\/10\/brochure-1-1024x372.png 1024w, https:\/\/portfoliolv.eu\/wp-content\/uploads\/2025\/10\/brochure-1-300x109.png 300w, https:\/\/portfoliolv.eu\/wp-content\/uploads\/2025\/10\/brochure-1-768x279.png 768w, https:\/\/portfoliolv.eu\/wp-content\/uploads\/2025\/10\/brochure-1-1536x559.png 1536w, https:\/\/portfoliolv.eu\/wp-content\/uploads\/2025\/10\/brochure-1-18x7.png 18w, https:\/\/portfoliolv.eu\/wp-content\/uploads\/2025\/10\/brochure-1.png 1559w\" sizes=\"auto, (max-width: 1024px) 100vw, 1024px\" \/><\/figure>\n\n\n\n<p style=\"margin-top:var(--wp--preset--spacing--80);margin-right:0;margin-bottom:var(--wp--preset--spacing--80);margin-left:0;font-size:clamp(1.092rem, 1.092rem + ((1vw - 0.2rem) * 1.105), 1.7rem);font-style:normal;font-weight:500\">Blog article for the master's degree: \u00ab\u00a0How to write engaging captions on social media?\u00a0\u00bb<\/p>\n\n\n\n<p style=\"font-size:clamp(1.092rem, 1.092rem + ((1vw - 0.2rem) * 1.105), 1.7rem);font-style:normal;font-weight:500\">Approach: this blog article was written for potential future students. The aim is to generate interest in the course and its content. The article follows the communication strategy and plan jointly defined by students and based on SEO analysis and strategy.<\/p>\n\n\n\n<p class=\"has-text-color has-link-color wp-elements-fb7d6ceb9399f5902dc23040d1402cc8\" style=\"color:#151fe1;font-size:clamp(1.092rem, 1.092rem + ((1vw - 0.2rem) * 1.105), 1.7rem);font-style:normal;font-weight:500\">Read the article: <a href=\"https:\/\/mastercaweb.unistra.fr\/en\/actualites\/digital-marketing-en\/how-to-write-engaging-captions-on-social-media\/\">How to Write Engaging Captions on Social Media?<\/a><\/p>\n<\/div><\/div>\n\n\n\n<div class=\"wp-block-cover alignfull is-light has-border-color\" style=\"border-color:#f0f0f0;border-width:4px;margin-top:0px;margin-bottom:0px;padding-top:116px;padding-bottom:116px;min-height:416px;aspect-ratio:unset;\"><span aria-hidden=\"true\" class=\"wp-block-cover__background has-background-dim-100 has-background-dim\" style=\"background-color:#dcd9d0\"><\/span><div class=\"wp-block-cover__inner-container has-global-padding is-layout-constrained wp-container-core-cover-is-layout-92cff959 wp-block-cover-is-layout-constrained\">\n<div class=\"wp-block-columns is-layout-flex wp-container-core-columns-is-layout-28f84493 wp-block-columns-is-layout-flex\">\n<div class=\"wp-block-column is-layout-flow wp-block-column-is-layout-flow\">\n<h2 class=\"wp-block-heading has-text-align-center\" style=\"font-size:clamp(1.477rem, 1.477rem + ((1vw - 0.2rem) * 1.769), 2.45rem);\"># Project 2: Association communication: Stras\u2019b\u00eargerie (October 2025)<\/h2>\n\n\n\n<p class=\"has-text-align-left\" style=\"padding-top:var(--wp--preset--spacing--40);padding-bottom:var(--wp--preset--spacing--40);font-size:clamp(1.092rem, 1.092rem + ((1vw - 0.2rem) * 1.105), 1.7rem);font-style:normal;font-weight:500\">Flyer promoting the Strasbourg-based association  Stras\u2019b\u00eargerie, founded in 2025. <\/p>\n\n\n\n<p style=\"padding-top:var(--wp--preset--spacing--60);padding-bottom:var(--wp--preset--spacing--60)\"><\/p>\n\n\n\n<p style=\"font-size:clamp(1.092rem, 1.092rem + ((1vw - 0.2rem) * 1.105), 1.7rem);font-style:normal;font-weight:500\">Approach: I created a flyer aimed at local businesses to inform them about the association's missions and involve them in a crowdfunding campaign. The flyer aims to raise awareness among businesses about the association's issues, highlight the benefits for businesses, and encourage action. The flyer was designed using Adobe software (InDesign, Photoshop, Illustrator), based on a visual identity proposed by two graphic designers from the Pleine Forme workshop.<\/p>\n\n\n\n<figure class=\"wp-block-image size-large is-resized\" style=\"margin-top:var(--wp--preset--spacing--60);margin-bottom:var(--wp--preset--spacing--60)\"><img loading=\"lazy\" decoding=\"async\" width=\"1024\" height=\"683\" src=\"https:\/\/portfoliolv.eu\/wp-content\/uploads\/2025\/10\/flyer_wordpress-3-1024x683.png\" alt=\"\" class=\"wp-image-686\" style=\"width:1190px;height:auto\" srcset=\"https:\/\/portfoliolv.eu\/wp-content\/uploads\/2025\/10\/flyer_wordpress-3-1024x683.png 1024w, https:\/\/portfoliolv.eu\/wp-content\/uploads\/2025\/10\/flyer_wordpress-3-300x200.png 300w, https:\/\/portfoliolv.eu\/wp-content\/uploads\/2025\/10\/flyer_wordpress-3-768x512.png 768w, https:\/\/portfoliolv.eu\/wp-content\/uploads\/2025\/10\/flyer_wordpress-3-1536x1024.png 1536w, https:\/\/portfoliolv.eu\/wp-content\/uploads\/2025\/10\/flyer_wordpress-3-18x12.png 18w, https:\/\/portfoliolv.eu\/wp-content\/uploads\/2025\/10\/flyer_wordpress-3.png 1860w\" sizes=\"auto, (max-width: 1024px) 100vw, 1024px\" \/><\/figure>\n<\/div>\n<\/div>\n<\/div><\/div>\n\n\n\n<div class=\"wp-block-cover alignfull is-light has-border-color\" style=\"border-color:#f0f0f0;border-width:4px;margin-top:0px;margin-bottom:0px;padding-top:116px;padding-bottom:116px;min-height:416px;aspect-ratio:unset;\"><span aria-hidden=\"true\" class=\"wp-block-cover__background has-white-background-color has-background-dim-100 has-background-dim\"><\/span><div class=\"wp-block-cover__inner-container has-global-padding is-layout-constrained wp-container-core-cover-is-layout-92cff959 wp-block-cover-is-layout-constrained\">\n<div class=\"wp-block-columns is-layout-flex wp-container-core-columns-is-layout-28f84493 wp-block-columns-is-layout-flex\">\n<div class=\"wp-block-column is-layout-flow wp-block-column-is-layout-flow\">\n<h2 class=\"wp-block-heading has-text-align-center\" style=\"font-size:clamp(1.477rem, 1.477rem + ((1vw - 0.2rem) * 1.769), 2.45rem);\"># Project 3: Communication for the social and solidarity economy: for the march\u00e9 OFF in Strasbourg (October 2025)<\/h2>\n\n\n\n<p style=\"padding-top:var(--wp--preset--spacing--40);padding-bottom:var(--wp--preset--spacing--40);font-size:clamp(1.092rem, 1.092rem + ((1vw - 0.2rem) * 1.105), 1.7rem);font-style:normal;font-weight:500\">Fictitious Facebook banner and Instagram carousel for the march\u00e9  OFF (local and ethical christmas market) in Strasbourg 2025<\/p>\n\n\n\n<p style=\"padding-top:var(--wp--preset--spacing--60);padding-bottom:var(--wp--preset--spacing--60)\"><\/p>\n\n\n\n<p style=\"font-size:clamp(1.092rem, 1.092rem + ((1vw - 0.2rem) * 1.105), 1.7rem);font-style:normal;font-weight:500\">Approach: I created communication materials for the 10th anniversary of Strasbourg's march\u00e9 OFF. I drew inspiration from last year's graphic charter. The materials provide essential information about the march\u00e9 OFF and its events and convey a friendly, festive and wintery image of the market, far removed from Christmas clich\u00e9s. The materials were created using Adobe software (InDesign, Photoshop, Illustrator).<\/p>\n\n\n\n<figure class=\"wp-block-image size-large is-resized\"><img loading=\"lazy\" decoding=\"async\" width=\"1024\" height=\"784\" src=\"https:\/\/portfoliolv.eu\/wp-content\/uploads\/2025\/10\/post_banniere-1024x784.png\" alt=\"\" class=\"wp-image-694\" style=\"width:1320px;height:auto\" srcset=\"https:\/\/portfoliolv.eu\/wp-content\/uploads\/2025\/10\/post_banniere-1024x784.png 1024w, https:\/\/portfoliolv.eu\/wp-content\/uploads\/2025\/10\/post_banniere-300x230.png 300w, https:\/\/portfoliolv.eu\/wp-content\/uploads\/2025\/10\/post_banniere-768x588.png 768w, https:\/\/portfoliolv.eu\/wp-content\/uploads\/2025\/10\/post_banniere-1536x1176.png 1536w, https:\/\/portfoliolv.eu\/wp-content\/uploads\/2025\/10\/post_banniere-2048x1568.png 2048w, https:\/\/portfoliolv.eu\/wp-content\/uploads\/2025\/10\/post_banniere-16x12.png 16w\" sizes=\"auto, (max-width: 1024px) 100vw, 1024px\" \/><\/figure>\n<\/div>\n<\/div>\n<\/div><\/div>\n\n\n\n<div class=\"wp-block-cover alignfull\" style=\"border-style:none;border-width:0px;margin-top:0px;margin-bottom:0px;padding-top:140px;padding-bottom:140px;min-height:575px;aspect-ratio:unset;\"><span aria-hidden=\"true\" class=\"wp-block-cover__background has-background-dim-100 has-background-dim\" style=\"background-color:#b65b35\"><\/span><div class=\"wp-block-cover__inner-container has-global-padding is-layout-constrained wp-container-core-cover-is-layout-8aebbe59 wp-block-cover-is-layout-constrained\">\n<h2 class=\"wp-block-heading has-text-align-center has-text-color\" style=\"color:#ffffff;padding-top:0;padding-bottom:0;font-size:clamp(1.25rem, 1.25rem + ((1vw - 0.2rem) * 1.364), 2rem);font-style:normal;font-weight:400;line-height:1\">Interested in my Work?<\/h2>\n\n\n\n<h2 class=\"wp-block-heading has-text-align-center has-text-color has-link-color wp-elements-6d8e301f185bd92233ca287a45201d6c\" style=\"color:#ffffff;padding-top:0;padding-bottom:0;font-size:clamp(1.25rem, 1.25rem + ((1vw - 0.2rem) * 1.364), 2rem);font-style:normal;font-weight:400;line-height:1\"><a href=\"https:\/\/portfoliolv.eu\/en\/contact\/\" data-type=\"page\" data-id=\"15\">Get In Touch<\/a><\/h2>\n<\/div><\/div>\n\n\n\n<p><\/p>","protected":false},"excerpt":{"rendered":"","protected":false},"author":1,"featured_media":0,"parent":0,"menu_order":0,"comment_status":"closed","ping_status":"closed","template":"","meta":{"footnotes":""},"class_list":["post-13","page","type-page","status-publish","hentry"],"_links":{"self":[{"href":"https:\/\/portfoliolv.eu\/en\/wp-json\/wp\/v2\/pages\/13","targetHints":{"allow":["GET"]}}],"collection":[{"href":"https:\/\/portfoliolv.eu\/en\/wp-json\/wp\/v2\/pages"}],"about":[{"href":"https:\/\/portfoliolv.eu\/en\/wp-json\/wp\/v2\/types\/page"}],"author":[{"embeddable":true,"href":"https:\/\/portfoliolv.eu\/en\/wp-json\/wp\/v2\/users\/1"}],"replies":[{"embeddable":true,"href":"https:\/\/portfoliolv.eu\/en\/wp-json\/wp\/v2\/comments?post=13"}],"version-history":[{"count":139,"href":"https:\/\/portfoliolv.eu\/en\/wp-json\/wp\/v2\/pages\/13\/revisions"}],"predecessor-version":[{"id":773,"href":"https:\/\/portfoliolv.eu\/en\/wp-json\/wp\/v2\/pages\/13\/revisions\/773"}],"wp:attachment":[{"href":"https:\/\/portfoliolv.eu\/en\/wp-json\/wp\/v2\/media?parent=13"}],"curies":[{"name":"wp","href":"https:\/\/api.w.org\/{rel}","templated":true}]}}