{"id":8,"date":"2025-02-24T16:19:02","date_gmt":"2025-02-24T16:19:02","guid":{"rendered":"https:\/\/portfoliolv.eu\/?page_id=8"},"modified":"2025-10-05T18:30:28","modified_gmt":"2025-10-05T18:30:28","slug":"home","status":"publish","type":"page","link":"https:\/\/portfoliolv.eu\/en\/","title":{"rendered":"Home"},"content":{"rendered":"<div class=\"wp-block-cover alignfull is-light\" style=\"padding-top:2%;min-height:774px;aspect-ratio:unset;\"><img loading=\"lazy\" decoding=\"async\" width=\"640\" height=\"480\" class=\"wp-block-cover__image-background wp-image-409\" alt=\"ordinateur, cahier et stylo sur un bureau\" src=\"https:\/\/portfoliolv.eu\/wp-content\/uploads\/2025\/02\/ordinateur_cahier_stylo-1.webp\" data-object-fit=\"cover\" srcset=\"https:\/\/portfoliolv.eu\/wp-content\/uploads\/2025\/02\/ordinateur_cahier_stylo-1.webp 640w, https:\/\/portfoliolv.eu\/wp-content\/uploads\/2025\/02\/ordinateur_cahier_stylo-1-300x225.webp 300w, https:\/\/portfoliolv.eu\/wp-content\/uploads\/2025\/02\/ordinateur_cahier_stylo-1-16x12.webp 16w\" sizes=\"auto, (max-width: 640px) 100vw, 640px\" \/><span aria-hidden=\"true\" class=\"wp-block-cover__background has-background-dim\" style=\"background-color:#777774\"><\/span><div class=\"wp-block-cover__inner-container has-global-padding is-layout-constrained wp-container-core-cover-is-layout-ee51f2d2 wp-block-cover-is-layout-constrained\">\n<div class=\"wp-block-group alignwide is-vertical is-content-justification-center is-layout-flex wp-container-core-group-is-layout-b6c1f246 wp-block-group-is-layout-flex\" style=\"min-height:35rem\">\n<div class=\"wp-block-group has-global-padding is-layout-constrained wp-container-core-group-is-layout-1c662c3c wp-block-group-is-layout-constrained\">\n<h1 class=\"wp-block-heading has-text-align-center has-text-color\" style=\"color:#ffffff;margin-bottom:1rem;font-size:clamp(1.648rem, 1.648rem + ((1vw - 0.2rem) * 2.095), 2.8rem);font-style:normal;font-weight:400;line-height:1.3;text-transform:none\"><strong>Multilingual web communications professional<\/strong><\/h1>\n\n\n\n<div class=\"wp-block-group has-small-font-size has-global-padding is-content-justification-center is-layout-constrained wp-container-core-group-is-layout-7c958071 wp-block-group-is-layout-constrained\" style=\"margin-top:30px\">\n<div class=\"wp-block-buttons is-horizontal is-content-justification-right is-layout-flex wp-container-core-buttons-is-layout-e5324bbf wp-block-buttons-is-layout-flex\" style=\"margin-top:0.21rem\">\n<div class=\"wp-block-button has-custom-width wp-block-button__width-100 is-style-fill\"><a class=\"wp-block-button__link has-text-color has-background has-custom-font-size wp-element-button\" href=\"https:\/\/portfoliolv.eu\/en\/portfolio\/\" style=\"border-style:none;border-width:0px;border-radius:2.5rem;color:#242925;background-color:#ffffff;padding-top:var(--wp--preset--spacing--50);padding-right:1rem;padding-bottom:var(--wp--preset--spacing--50);padding-left:1rem;font-size:clamp(0.984rem, 0.984rem + ((1vw - 0.2rem) * 0.938), 1.5rem);font-style:normal;font-weight:500;line-height:1;text-transform:capitalize\">mes projets<\/a><\/div>\n<\/div>\n<\/div>\n<\/div>\n<\/div>\n<\/div><\/div>\n\n\n\n<section class=\"wp-block-group alignfull has-text-color has-background has-global-padding is-layout-constrained wp-container-core-group-is-layout-83ee5e76 wp-block-group-is-layout-constrained\" style=\"color:#212121;background-color:#f5f5f5;margin-top:0rem;padding-right:1rem;padding-left:1rem;font-size:clamp(0.875rem, 0.875rem + ((1vw - 0.2rem) * 0.464), 1.13rem);font-style:normal;font-weight:400;line-height:1.5\">\n<div class=\"wp-block-group is-layout-flow wp-block-group-is-layout-flow\" style=\"padding-top:5.01rem;padding-bottom:4.01rem\">\n<div class=\"wp-block-columns is-not-stacked-on-mobile is-layout-flex wp-container-core-columns-is-layout-713970fd wp-block-columns-is-layout-flex\">\n<div class=\"wp-block-column is-vertically-aligned-center is-layout-flow wp-block-column-is-layout-flow\" style=\"border-right-style:none;border-right-width:0px;padding-right:1rem;padding-left:1rem;flex-basis:100%\">\n<p class=\"has-text-align-center\"><\/p>\n\n\n\n<h2 class=\"wp-block-heading has-text-align-center\" style=\"font-size:clamp(1.551rem, 1.551rem + ((1vw - 0.2rem) * 1.907), 2.6rem);\"><strong>From translation to communication: words and images at the service of projects<\/strong><\/h2>\n\n\n\n<p><\/p>\n\n\n\n<p class=\"has-text-align-center has-text-color\" style=\"color:#212121;margin-top:0px;margin-bottom:1.77rem;font-size:clamp(0.875rem, 0.875rem + ((1vw - 0.2rem) * 0.773), 1.3rem);font-style:normal;font-weight:400;line-height:1.5\">Having worked five years as a translator has taught me to be precise, to adapt to different audiences and  to convey messages clearly. Today, I apply these skills to  communication, whether editorial or visual. I design tailor-made content (copywriting, visuals, strategy) to reach the right audiences, whether for cultural actors, public institutions or socially engaged events.<\/p>\n<\/div>\n<\/div>\n<\/div>\n<\/section>\n\n\n\n<div class=\"wp-block-cover alignfull is-light\" style=\"padding-top:3.51rem;padding-right:0px;padding-bottom:2.01rem;padding-left:0px\"><span aria-hidden=\"true\" class=\"wp-block-cover__background has-background-dim-100 has-background-dim\" style=\"background-color:#f5ebeb\"><\/span><div class=\"wp-block-cover__inner-container is-layout-flow wp-block-cover-is-layout-flow\">\n<div class=\"wp-block-group has-global-padding is-content-justification-left is-layout-constrained wp-container-core-group-is-layout-e6673fbd wp-block-group-is-layout-constrained\" style=\"margin-bottom:20px\">\n<h2 class=\"wp-block-heading has-text-align-center has-text-color has-link-color wp-elements-7b7679cbe75d0b0f11c9ea9771a4137f\" style=\"color:#242925;font-size:clamp(1.477rem, 1.477rem + ((1vw - 0.2rem) * 1.769), 2.45rem);font-style:normal;font-weight:600\">My Expertise Areas<\/h2>\n<\/div>\n\n\n\n<div class=\"wp-block-group alignfull is-layout-flow wp-block-group-is-layout-flow\" style=\"margin-top:0px;margin-bottom:0px;padding-top:0rem;padding-right:1px;padding-bottom:2.01rem;padding-left:1px\">\n<div class=\"wp-block-columns alignfull is-layout-flex wp-container-core-columns-is-layout-35290b6f wp-block-columns-is-layout-flex\" style=\"padding-top:0rem\">\n<div class=\"wp-block-column is-layout-flow wp-block-column-is-layout-flow\" style=\"padding-top:1rem;padding-right:0rem;padding-bottom:1rem;padding-left:0rem\">\n<div class=\"wp-block-cover is-light has-parallax\" style=\"padding-right:0.51rem;padding-left:0.51rem;min-height:390px;aspect-ratio:unset;\"><div class=\"wp-block-cover__image-background wp-image-754 has-parallax\" style=\"background-position:94% 4%;background-image:url(https:\/\/tyler.com\/wp-content\/uploads\/2023\/11\/surf-item2.jpg)\"><\/div><span aria-hidden=\"true\" class=\"wp-block-cover__background has-background-dim-100 has-background-dim\" style=\"background-color:#f3f3f3\"><\/span><div class=\"wp-block-cover__inner-container has-global-padding is-layout-constrained wp-container-core-cover-is-layout-1a3bd245 wp-block-cover-is-layout-constrained\">\n<figure class=\"wp-block-image size-large is-resized has-custom-border\"><img loading=\"lazy\" decoding=\"async\" width=\"1024\" height=\"683\" src=\"https:\/\/portfoliolv.eu\/wp-content\/uploads\/2025\/02\/smartphone-1024x683.webp\" alt=\"Un t\u00e9l\u00e9phone portable dont l'\u00e9cran indique Social Media\" class=\"wp-image-399\" style=\"border-radius:16px;width:452px;height:auto\" srcset=\"https:\/\/portfoliolv.eu\/wp-content\/uploads\/2025\/02\/smartphone-1024x683.webp 1024w, https:\/\/portfoliolv.eu\/wp-content\/uploads\/2025\/02\/smartphone-300x200.webp 300w, https:\/\/portfoliolv.eu\/wp-content\/uploads\/2025\/02\/smartphone-768x512.webp 768w, https:\/\/portfoliolv.eu\/wp-content\/uploads\/2025\/02\/smartphone-1536x1024.webp 1536w, https:\/\/portfoliolv.eu\/wp-content\/uploads\/2025\/02\/smartphone-2048x1365.webp 2048w, https:\/\/portfoliolv.eu\/wp-content\/uploads\/2025\/02\/smartphone-18x12.webp 18w\" sizes=\"auto, (max-width: 1024px) 100vw, 1024px\" \/><\/figure>\n\n\n\n<h3 class=\"wp-block-heading has-text-color\" style=\"color:#212121;font-size:clamp(0.984rem, 0.984rem + ((1vw - 0.2rem) * 0.938), 1.5rem);\"><strong>Communication Strategy<\/strong><\/h3>\n<\/div><\/div>\n<\/div>\n\n\n\n<div class=\"wp-block-column is-layout-flow wp-block-column-is-layout-flow\" style=\"padding-top:1rem;padding-right:0rem;padding-bottom:1rem;padding-left:0rem\">\n<div class=\"wp-block-cover is-light has-parallax\" style=\"padding-right:0.51rem;padding-left:0.51rem;min-height:390px;aspect-ratio:unset;\"><div class=\"wp-block-cover__image-background wp-image-755 has-parallax\" style=\"background-position:50% 50%;background-image:url(https:\/\/tyler.com\/wp-content\/uploads\/2023\/11\/surf-item3.jpg)\"><\/div><span aria-hidden=\"true\" class=\"wp-block-cover__background has-background-dim-100 has-background-dim\" style=\"background-color:#f3f3f3\"><\/span><div class=\"wp-block-cover__inner-container has-global-padding is-layout-constrained wp-container-core-cover-is-layout-1a3bd245 wp-block-cover-is-layout-constrained\">\n<figure class=\"wp-block-image size-large is-resized has-custom-border\"><img loading=\"lazy\" decoding=\"async\" width=\"1024\" height=\"680\" src=\"https:\/\/portfoliolv.eu\/wp-content\/uploads\/2025\/02\/ecriture_sur_une_page-1024x680.webp\" alt=\"Une page couverte de texte manuscrit\" class=\"wp-image-406\" style=\"border-radius:16px;width:473px;height:auto\" srcset=\"https:\/\/portfoliolv.eu\/wp-content\/uploads\/2025\/02\/ecriture_sur_une_page-1024x680.webp 1024w, https:\/\/portfoliolv.eu\/wp-content\/uploads\/2025\/02\/ecriture_sur_une_page-300x199.webp 300w, https:\/\/portfoliolv.eu\/wp-content\/uploads\/2025\/02\/ecriture_sur_une_page-768x510.webp 768w, https:\/\/portfoliolv.eu\/wp-content\/uploads\/2025\/02\/ecriture_sur_une_page-1536x1020.webp 1536w, https:\/\/portfoliolv.eu\/wp-content\/uploads\/2025\/02\/ecriture_sur_une_page-2048x1360.webp 2048w, https:\/\/portfoliolv.eu\/wp-content\/uploads\/2025\/02\/ecriture_sur_une_page-18x12.webp 18w\" sizes=\"auto, (max-width: 1024px) 100vw, 1024px\" \/><\/figure>\n\n\n\n<h3 class=\"wp-block-heading has-text-align-left has-text-color\" style=\"color:#212121;font-size:clamp(0.984rem, 0.984rem + ((1vw - 0.2rem) * 0.938), 1.5rem);\"><strong>Writing and Translation (English, German)<\/strong><\/h3>\n<\/div><\/div>\n<\/div>\n\n\n\n<div class=\"wp-block-column is-layout-flow wp-block-column-is-layout-flow\" style=\"padding-top:1rem;padding-right:0rem;padding-bottom:1rem;padding-left:0rem\">\n<div class=\"wp-block-cover is-light wp-duotone-unset-1\" style=\"padding-right:0.51rem;padding-left:0.51rem;min-height:390px;aspect-ratio:unset;\"><img decoding=\"async\" class=\"wp-block-cover__image-background wp-image-756\" alt=\"\" src=\"https:\/\/tyler.com\/wp-content\/uploads\/2023\/11\/surf-item4.jpg\" data-object-fit=\"cover\"\/><span aria-hidden=\"true\" class=\"wp-block-cover__background has-background-dim-100 has-background-dim\" style=\"background-color:#f3f3f3\"><\/span><div class=\"wp-block-cover__inner-container has-global-padding is-layout-constrained wp-container-core-cover-is-layout-1a3bd245 wp-block-cover-is-layout-constrained\">\n<figure class=\"wp-block-image size-large is-resized has-custom-border\"><img loading=\"lazy\" decoding=\"async\" width=\"1024\" height=\"683\" src=\"https:\/\/portfoliolv.eu\/wp-content\/uploads\/2025\/02\/crayons-1-1024x683.webp\" alt=\"Des crayons agenc\u00e9s en un cercle\" class=\"wp-image-412\" style=\"border-radius:16px;width:463px;height:auto\" srcset=\"https:\/\/portfoliolv.eu\/wp-content\/uploads\/2025\/02\/crayons-1-1024x683.webp 1024w, https:\/\/portfoliolv.eu\/wp-content\/uploads\/2025\/02\/crayons-1-300x200.webp 300w, https:\/\/portfoliolv.eu\/wp-content\/uploads\/2025\/02\/crayons-1-768x512.webp 768w, https:\/\/portfoliolv.eu\/wp-content\/uploads\/2025\/02\/crayons-1-1536x1024.webp 1536w, https:\/\/portfoliolv.eu\/wp-content\/uploads\/2025\/02\/crayons-1-18x12.webp 18w, https:\/\/portfoliolv.eu\/wp-content\/uploads\/2025\/02\/crayons-1.webp 1920w\" sizes=\"auto, (max-width: 1024px) 100vw, 1024px\" \/><\/figure>\n\n\n\n<h3 class=\"wp-block-heading has-text-align-left has-text-color\" style=\"color:#212121;font-size:clamp(0.984rem, 0.984rem + ((1vw - 0.2rem) * 0.938), 1.5rem);\"><strong>Visual communication<\/strong><\/h3>\n<\/div><\/div>\n<\/div>\n\n\n\n<div class=\"wp-block-column has-background is-layout-flow wp-block-column-is-layout-flow\" style=\"background-color:#f3f3f3;padding-top:1rem;padding-right:0rem;padding-bottom:1rem;padding-left:0rem\">\n<div class=\"wp-block-cover is-light\" style=\"padding-right:0.51rem;padding-left:0.51rem;min-height:390px;aspect-ratio:unset;\"><img decoding=\"async\" class=\"wp-block-cover__image-background wp-image-757\" alt=\"\" src=\"https:\/\/tyler.com\/wp-content\/uploads\/2023\/11\/surf-item5.jpg\" data-object-fit=\"cover\"\/><span aria-hidden=\"true\" class=\"wp-block-cover__background has-background-dim-100 has-background-dim\" style=\"background-color:#f5f5f5\"><\/span><div class=\"wp-block-cover__inner-container has-global-padding is-layout-constrained wp-container-core-cover-is-layout-1a3bd245 wp-block-cover-is-layout-constrained\">\n<figure class=\"wp-block-image size-large is-resized has-custom-border\"><img loading=\"lazy\" decoding=\"async\" width=\"1024\" height=\"741\" src=\"https:\/\/portfoliolv.eu\/wp-content\/uploads\/2025\/09\/worpdress_unsplash-1-1024x741.jpg\" alt=\"Un ordinateur avec logo de WordPress\" class=\"wp-image-565\" style=\"border-radius:16px;width:438px;height:auto\" srcset=\"https:\/\/portfoliolv.eu\/wp-content\/uploads\/2025\/09\/worpdress_unsplash-1-1024x741.jpg 1024w, https:\/\/portfoliolv.eu\/wp-content\/uploads\/2025\/09\/worpdress_unsplash-1-300x217.jpg 300w, https:\/\/portfoliolv.eu\/wp-content\/uploads\/2025\/09\/worpdress_unsplash-1-768x556.jpg 768w, https:\/\/portfoliolv.eu\/wp-content\/uploads\/2025\/09\/worpdress_unsplash-1-1536x1112.jpg 1536w, https:\/\/portfoliolv.eu\/wp-content\/uploads\/2025\/09\/worpdress_unsplash-1-2048x1482.jpg 2048w, https:\/\/portfoliolv.eu\/wp-content\/uploads\/2025\/09\/worpdress_unsplash-1-18x12.jpg 18w\" sizes=\"auto, (max-width: 1024px) 100vw, 1024px\" \/><\/figure>\n\n\n\n<h3 class=\"wp-block-heading has-text-align-left has-text-color\" style=\"color:#212121;font-size:clamp(0.984rem, 0.984rem + ((1vw - 0.2rem) * 0.938), 1.5rem);\"><strong>WordPress<\/strong><\/h3>\n<\/div><\/div>\n<\/div>\n<\/div>\n<\/div>\n<\/div><\/div>\n\n\n\n<div class=\"wp-block-cover alignfull is-light\"><span aria-hidden=\"true\" class=\"wp-block-cover__background has-background-dim-100 has-background-dim\" style=\"background-color:#f3f3f3\"><\/span><div class=\"wp-block-cover__inner-container has-global-padding is-layout-constrained wp-container-core-cover-is-layout-4383d167 wp-block-cover-is-layout-constrained\">\n<div class=\"wp-block-group alignfull has-global-padding is-layout-constrained wp-container-core-group-is-layout-0117c4cf wp-block-group-is-layout-constrained\" style=\"padding-top:80px;padding-bottom:80px\">\n<div class=\"wp-block-columns alignwide is-layout-flex wp-container-core-columns-is-layout-28f84493 wp-block-columns-is-layout-flex\">\n<div class=\"wp-block-column is-layout-flow wp-block-column-is-layout-flow\" style=\"padding-right:10px;padding-left:10px;flex-basis:50%\">\n<div class=\"wp-block-group is-content-justification-center is-nowrap is-layout-flex wp-container-core-group-is-layout-23441af8 wp-block-group-is-layout-flex\">\n<div class=\"wp-block-group has-global-padding is-content-justification-left is-layout-constrained wp-container-core-group-is-layout-664c02a5 wp-block-group-is-layout-constrained\" style=\"padding-bottom:10px\">\n<h2 class=\"wp-block-heading has-text-color has-link-color wp-elements-418276635940f1beaa4bf77691896a4b\" style=\"color:#242925;font-size:clamp(1.477rem, 1.477rem + ((1vw - 0.2rem) * 1.769), 2.45rem);font-style:normal;font-weight:600\">My Portfolio<\/h2>\n\n\n\n<p class=\"has-text-align-left\" style=\"font-size:clamp(0.875rem, 0.875rem + ((1vw - 0.2rem) * 0.773), 1.3rem);\">On this website, you will find a selection of projects completed as part of my career change to communications after five years in translation.<br>Whether copywriting, strategy, web communication or events, I approach each project with a cross-disciplinary approach that is both rigorous and creative. I aim to combine clarity and creativity to serve meaningful projects.<\/p>\n\n\n\n<p style=\"font-size:clamp(0.984rem, 0.984rem + ((1vw - 0.2rem) * 0.938), 1.5rem);\"><strong>Discover my projects! <\/strong><\/p>\n\n\n\n<div class=\"wp-block-buttons has-custom-font-size is-horizontal is-content-justification-left is-nowrap is-layout-flex wp-container-core-buttons-is-layout-d456f76f wp-block-buttons-is-layout-flex\" style=\"margin-top:0px;margin-bottom:0;padding-right:var(--wp--preset--spacing--20);padding-left:var(--wp--preset--spacing--20);font-size:clamp(3.464rem, 3.464rem + ((1vw - 0.2rem) * 6.611), 7.1rem);\">\n<div class=\"wp-block-button has-custom-width wp-block-button__width-50 is-style-outline is-style-outline--2\"><a class=\"wp-block-button__link has-text-color has-border-color has-custom-font-size wp-element-button\" href=\"https:\/\/portfoliolv.eu\/en\/portfolio\/\" style=\"border-color:#242925;border-style:solid;border-width:1px;border-radius:2.11rem;color:#242925;padding-top:1.5rem;padding-right:23px;padding-bottom:1.5rem;padding-left:23px;font-size:clamp(0.984rem, 0.984rem + ((1vw - 0.2rem) * 0.938), 1.5rem);font-style:normal;font-weight:700;line-height:1;text-transform:capitalize\">My projects<\/a><\/div>\n<\/div>\n<\/div>\n<\/div>\n<\/div>\n\n\n\n<div class=\"wp-block-column is-layout-flow wp-block-column-is-layout-flow\" style=\"padding-right:10px;padding-left:10px;flex-basis:50%\">\n<figure class=\"wp-block-image aligncenter size-full has-custom-border\"><img loading=\"lazy\" decoding=\"async\" width=\"2560\" height=\"1920\" src=\"https:\/\/portfoliolv.eu\/wp-content\/uploads\/2025\/02\/what_is_your_story-scaled.webp\" alt=\"Vitrine d'un bureau avec un texte en n\u00e9on : &quot;What is your story?&quot;\" class=\"wp-image-402\" style=\"border-radius:16px\" srcset=\"https:\/\/portfoliolv.eu\/wp-content\/uploads\/2025\/02\/what_is_your_story-scaled.webp 2560w, https:\/\/portfoliolv.eu\/wp-content\/uploads\/2025\/02\/what_is_your_story-300x225.webp 300w, https:\/\/portfoliolv.eu\/wp-content\/uploads\/2025\/02\/what_is_your_story-1024x768.webp 1024w, https:\/\/portfoliolv.eu\/wp-content\/uploads\/2025\/02\/what_is_your_story-768x576.webp 768w, https:\/\/portfoliolv.eu\/wp-content\/uploads\/2025\/02\/what_is_your_story-1536x1152.webp 1536w, https:\/\/portfoliolv.eu\/wp-content\/uploads\/2025\/02\/what_is_your_story-2048x1536.webp 2048w, https:\/\/portfoliolv.eu\/wp-content\/uploads\/2025\/02\/what_is_your_story-16x12.webp 16w\" sizes=\"auto, (max-width: 2560px) 100vw, 2560px\" \/><\/figure>\n<\/div>\n<\/div>\n<\/div>\n<\/div><\/div>\n\n\n\n<section class=\"wp-block-group alignfull has-text-color has-global-padding is-layout-constrained wp-container-core-group-is-layout-83ee5e76 wp-block-group-is-layout-constrained\" style=\"color:#212121;margin-top:0rem;padding-right:1rem;padding-left:1rem;font-size:clamp(0.875rem, 0.875rem + ((1vw - 0.2rem) * 0.464), 1.13rem);font-style:normal;font-weight:400;line-height:1.5\"><\/section>\n\n\n\n<p><\/p>","protected":false},"excerpt":{"rendered":"<p>De la traduction \u00e0 la communication : des mots et des images au service des projets Mon exp\u00e9rience de cinq ans en tant que traductrice m\u2019a appris \u00e0 \u00eatre pr\u00e9cise, \u00e0 m\u2019adapter aux publics et \u00e0 rendre un message clair, comp\u00e9tences que j\u2019applique aujourd\u2019hui \u00e0 la communication, qu\u2019elle soit \u00e9ditoriale ou visuelle. Je con\u00e7ois des [&hellip;]<\/p>","protected":false},"author":1,"featured_media":0,"parent":0,"menu_order":0,"comment_status":"closed","ping_status":"closed","template":"","meta":{"footnotes":""},"class_list":["post-8","page","type-page","status-publish","hentry"],"_links":{"self":[{"href":"https:\/\/portfoliolv.eu\/en\/wp-json\/wp\/v2\/pages\/8","targetHints":{"allow":["GET"]}}],"collection":[{"href":"https:\/\/portfoliolv.eu\/en\/wp-json\/wp\/v2\/pages"}],"about":[{"href":"https:\/\/portfoliolv.eu\/en\/wp-json\/wp\/v2\/types\/page"}],"author":[{"embeddable":true,"href":"https:\/\/portfoliolv.eu\/en\/wp-json\/wp\/v2\/users\/1"}],"replies":[{"embeddable":true,"href":"https:\/\/portfoliolv.eu\/en\/wp-json\/wp\/v2\/comments?post=8"}],"version-history":[{"count":109,"href":"https:\/\/portfoliolv.eu\/en\/wp-json\/wp\/v2\/pages\/8\/revisions"}],"predecessor-version":[{"id":706,"href":"https:\/\/portfoliolv.eu\/en\/wp-json\/wp\/v2\/pages\/8\/revisions\/706"}],"wp:attachment":[{"href":"https:\/\/portfoliolv.eu\/en\/wp-json\/wp\/v2\/media?parent=8"}],"curies":[{"name":"wp","href":"https:\/\/api.w.org\/{rel}","templated":true}]}}